{"id":8,"date":"2018-03-04T14:27:03","date_gmt":"2018-03-04T14:27:03","guid":{"rendered":"http:\/\/hundepension-zum-zamperl.de\/?page_id=8"},"modified":"2026-03-14T09:58:33","modified_gmt":"2026-03-14T09:58:33","slug":"zimmerpreise","status":"publish","type":"page","link":"https:\/\/hundepension-zum-zamperl.de\/?page_id=8","title":{"rendered":"Zimmerpreise"},"content":{"rendered":"<p>Unsere Hundepension verf\u00fcgt \u00fcber 5 Zimmer. Sie sind hell, freundlich und<br \/>\nsauber und sie bieten verschiedene Pl\u00e4tze und Liegefl\u00e4chen. In den<br \/>\nHundezimmern finden die Vierbeiner Ruhe und R\u00fcckzugsgelegenheiten ganz<br \/>\nnach ihren Vorlieben.<br \/>\nDie Zimmer sind mit Fliesen ausgelegt und k\u00f6nnen aufgrund dessen besonders sauber und hygienisch gehalten werden.<\/p>\n<p><span style=\"color: #ff0000;\">An folgenden Zeiten ist die Pension geschlossen!<\/span><\/p>\n<p><span style=\"color: #ff0000;\"><strong>10.07.-20.07.2026<\/strong><\/span><br \/>\n<span style=\"color: #ff0000;\"><strong>06.11.-09.11.2026<\/strong><\/span><br \/>\n<span style=\"color: #ff0000;\"><strong>10.12.-14.12.2026<\/strong><\/span><\/p>\n<p><strong>Hund im Pensionszimmer:<\/strong><br \/>\n35,00 Euro\/pro \u00dcbernachtung<\/p>\n<p><strong>Hund im Zwinger:<br \/>\n<\/strong>30,00 Euro\/pro \u00dcbernachtung<\/p>\n<p><strong>L\u00e4ufige H\u00fcndin:<br \/>\n<\/strong>Auf Anfrage (Zusatzkosten 10,00 Euro)<\/p>\n<p><strong>Tagespreis im Zimmer und Zwinger:<\/strong><br \/>\n30,00 Euro\/pro Tag (7:00 &#8211; 18:00 Uhr)<\/p>\n<p><strong>Zusatzleistungen:<br \/>\n<\/strong>Medikamentengabe 1 Euro<br \/>\nBARF 3,50 Euro<br \/>\nSpaziergang 5,00 Euro<br \/>\nHeizkosten 3,00 Euro\/Tag (Oktober-April, je nach Wetterlage)<\/p>\n<p><strong>Erm\u00e4\u00dfigung<\/strong><br \/>\nF\u00fcr den Zweithund und jeden weitern Hund gew\u00e4hre ich 25% Rabatt<\/p>\n<hr \/>\n<p><span style=\"text-decoration: underline;\"><strong>Stornokosten:<\/strong><\/span><\/p>\n<p>Eine kostenfreie Stornierung der Zimmerreservierung ist bis\u00a0 zu 6 Wochen vor Urlaubsbeginn m\u00f6glich.<br \/>\nK\u00fcndigt der Halter jedoch in den nachfolgend aufgef\u00fchrten Tagen, hat er gegen\u00fcber der Hundepension folgende Verg\u00fctung zu zahlen:<\/p>\n<ul>\n<li>bei K\u00fcndigung ab 15 Tage vor Beginn des Unterbringungs- und Betreuungszeitraumes 70% der vereinbarten Verg\u00fctung<\/li>\n<li>bei K\u00fcndigung ab 27 &#8211; 14 Tage vor Beginn des Unterbringungs- und Betreuungszeitraumes 50% der vereinbarten Verg\u00fctung<\/li>\n<li>bei K\u00fcndigung ab 42 &#8211; 28 Tage vor Beginn des Unterbringungs- und Betreuungszeitraumes 30% der vereinbarten Verg\u00fctung<\/li>\n<li>\u00a0bei Nichterscheinen des Unterbringungs- und Betreuungszeitraumes 100% der vereinbarten Verg\u00fctung<\/li>\n<\/ul>\n<p><span style=\"text-decoration: underline;\"><strong>Bring- und Holzeiten:<\/strong><\/span><\/p>\n<p>Ab Oktober 2021 gilt folgendes!<br \/>\nMo.-Sa.: 7:15 Uhr \/ 13:00 Uhr \/ 15:00 Uhr \/ 18:00 Uhr<\/p>\n<p><strong>Sonn- und Feiertagen:\u00a0<\/strong><br \/>\nAuf Anfrage<\/p>\n<div id=\"socialshareprivacy_27f5aad7e4c73fac18e415f5d814865c\"><\/div>\r\n\t\t\t<script type=\"text\/javascript\">\r\n\t\t\t(function($){\r\n\t\t\t\tvar options = {\"info_link\":\"http:\\\/\\\/www.heise.de\\\/ct\\\/artikel\\\/2-Klicks-fuer-mehr-Datenschutz-1333879.html\",\"txt_help\":\"Wenn Sie diese Felder durch einen Klick aktivieren, werden Informationen an Facebook, Twitter oder Google in die USA \\u00fcbertragen und unter Umst\\u00e4nden auch dort gespeichert. N\\u00e4heres erfahren Sie durch einen Klick auf das <em>i<\\\/em>.\",\"settings_perma\":\"Dauerhaft aktivieren und Daten\\u00fcber\\u00adtragung zustimmen:\",\"cookie_path\":\"\\\/\",\"cookie_expire\":\"365\",\"cookie_domain\":\"\",\"css_path\":\"https:\\\/\\\/hundepension-zum-zamperl.de\\\/wp-content\\\/plugins\\\/wp-socialshareprivacy\\\/socialshareprivacy.css\",\"services\":{\"facebook\":{\"status\":\"on\",\"dummy_img\":\"https:\\\/\\\/hundepension-zum-zamperl.de\\\/wp-content\\\/plugins\\\/wp-socialshareprivacy\\\/images\\\/dummy_facebook.png\",\"txt_info\":\"2 Klicks f\\u00fcr mehr Datenschutz: Erst wenn Sie hier klicken, wird der Button aktiv und Sie k\\u00f6nnen Ihre Empfehlung an Facebook senden. Schon beim Aktivieren werden Daten an Dritte \\u00fcbertragen \\u2013 siehe <em>i<\\\/em>.\",\"txt_fb_off\":\"nicht mit Facebook verbunden\",\"txt_fb_on\":\"mit Facebook verbunden\",\"display_name\":\"Facebook\",\"referrer_track\":\"\",\"language\":\"de_DE\"},\"twitter\":{\"status\":\"on\",\"dummy_img\":\"https:\\\/\\\/hundepension-zum-zamperl.de\\\/wp-content\\\/plugins\\\/wp-socialshareprivacy\\\/images\\\/dummy_twitter.png\",\"txt_info\":\"2 Klicks f\\u00fcr mehr Datenschutz: Erst wenn Sie hier klicken, wird der Button aktiv und Sie k\\u00f6nnen Ihre Empfehlung an Twitter senden. Schon beim Aktivieren werden Daten an Dritte \\u00fcbertragen \\u2013 siehe <em>i<\\\/em>.\",\"txt_twitter_off\":\"nicht mit Twitter verbunden\",\"txt_twitter_on\":\"mit Twitter verbunden\",\"display_name\":\"Twitter\",\"referrer_track\":\"\",\"tweet_text\":\"\"},\"gplus\":{\"status\":\"on\",\"dummy_img\":\"https:\\\/\\\/hundepension-zum-zamperl.de\\\/wp-content\\\/plugins\\\/wp-socialshareprivacy\\\/images\\\/dummy_gplus.png\",\"txt_info\":\"2 Klicks f\\u00fcr mehr Datenschutz: Erst wenn Sie hier klicken, wird der Button aktiv und Sie k\\u00f6nnen Ihre Empfehlung an Google+ senden. Schon beim Aktivieren werden Daten an Dritte \\u00fcbertragen \\u2013 siehe <em>i<\\\/em>.\",\"txt_gplus_off\":\"nicht mit Google+ verbunden\",\"txt_gplus_on\":\"mit Google+ verbunden\",\"display_name\":\"Google+\",\"referrer_track\":\"\",\"language\":\"de\"}}};\r\n\t\t\t\toptions.cookie_domain = document.location.host;\r\n\t\t\t\toptions.uri = 'https:\/\/hundepension-zum-zamperl.de\/?page_id=8'\r\n\t\t\t\t$(document).ready(function(){\r\n\t\t\t\t\t$('#socialshareprivacy_27f5aad7e4c73fac18e415f5d814865c').socialSharePrivacy(options);\r\n\t\t\t\t});\r\n\t\t\t})(jQuery);\r\n\t\t\t<\/script>\r\n\t\t<!-- end wp-socialshareprivacy -->","protected":false},"excerpt":{"rendered":"<p>Unsere Hundepension verf\u00fcgt \u00fcber 5 Zimmer. Sie sind hell, freundlich und sauber und sie bieten verschiedene Pl\u00e4tze und Liegefl\u00e4chen. In den Hundezimmern finden die Vierbeiner Ruhe und R\u00fcckzugsgelegenheiten ganz nach ihren Vorlieben. Die Zimmer sind mit Fliesen ausgelegt und k\u00f6nnen aufgrund dessen besonders sauber und hygienisch gehalten werden. An folgenden Zeiten ist die Pension geschlossen! &hellip; <\/p>\n<p class=\"link-more\"><a href=\"https:\/\/hundepension-zum-zamperl.de\/?page_id=8\" class=\"more-link\"><span class=\"screen-reader-text\">&#8222;Zimmerpreise&#8220;<\/span> weiterlesen<\/a><\/p>\n","protected":false},"author":1,"featured_media":261,"parent":0,"menu_order":0,"comment_status":"closed","ping_status":"closed","template":"","meta":{"footnotes":""},"_links":{"self":[{"href":"https:\/\/hundepension-zum-zamperl.de\/index.php?rest_route=\/wp\/v2\/pages\/8"}],"collection":[{"href":"https:\/\/hundepension-zum-zamperl.de\/index.php?rest_route=\/wp\/v2\/pages"}],"about":[{"href":"https:\/\/hundepension-zum-zamperl.de\/index.php?rest_route=\/wp\/v2\/types\/page"}],"author":[{"embeddable":true,"href":"https:\/\/hundepension-zum-zamperl.de\/index.php?rest_route=\/wp\/v2\/users\/1"}],"replies":[{"embeddable":true,"href":"https:\/\/hundepension-zum-zamperl.de\/index.php?rest_route=%2Fwp%2Fv2%2Fcomments&post=8"}],"version-history":[{"count":52,"href":"https:\/\/hundepension-zum-zamperl.de\/index.php?rest_route=\/wp\/v2\/pages\/8\/revisions"}],"predecessor-version":[{"id":604,"href":"https:\/\/hundepension-zum-zamperl.de\/index.php?rest_route=\/wp\/v2\/pages\/8\/revisions\/604"}],"wp:featuredmedia":[{"embeddable":true,"href":"https:\/\/hundepension-zum-zamperl.de\/index.php?rest_route=\/wp\/v2\/media\/261"}],"wp:attachment":[{"href":"https:\/\/hundepension-zum-zamperl.de\/index.php?rest_route=%2Fwp%2Fv2%2Fmedia&parent=8"}],"curies":[{"name":"wp","href":"https:\/\/api.w.org\/{rel}","templated":true}]}}