{"id":7,"date":"2018-03-04T14:27:02","date_gmt":"2018-03-04T14:27:02","guid":{"rendered":"http:\/\/hundepension-zum-zamperl.de\/?page_id=7"},"modified":"2025-12-11T06:19:20","modified_gmt":"2025-12-11T06:19:20","slug":"startseite","status":"publish","type":"page","link":"https:\/\/hundepension-zum-zamperl.de\/?page_id=7","title":{"rendered":"Startseite"},"content":{"rendered":"<p style=\"text-align: center;\"><span style=\"font-size: x-large;\">Herzlich Willkommen bei unserer Hundepension<\/span><\/p>\n<p style=\"text-align: center;\"><span style=\"font-size: 24pt;\"><strong>&#8222;zum Zamperl&#8220;<\/strong> <\/span><\/p>\n<p style=\"text-align: center;\"><span style=\"font-size: x-large;\">in Lauingen<br \/>\n<span style=\"font-size: 12pt;\">Gepr\u00fcft nach \u00a7 11 Abs. 1 TierSchG<\/span><\/span><\/p>\n<p style=\"text-align: center;\"><span style=\"color: #ff0000; font-size: 14pt;\"><em><strong>Wir w\u00fcnschen allen frohe, besinnliche und erholsame Weihnachtstage<\/strong><\/em><\/span><\/p>\n<p style=\"text-align: center;\"><span style=\"color: #ff0000; font-size: 14pt;\"><em><strong>und ein gutes, neues Jahr<\/strong><\/em><\/span><\/p>\n<ul>\n<li>Urlaub ohne Hund<\/li>\n<li>Krank oder Krankenhausaufenthalt<\/li>\n<li>Gesch\u00e4ftsreise<\/li>\n<\/ul>\n<p>Bei uns wird Ihr Liebling versorgt und verw\u00f6hnt wie zu Hause.<br \/>\nNat\u00fcrlich darf da das Spielen und die Streicheleinheiten nicht<br \/>\nfehlen.<\/p>\n<p>Auf unserer 3000 m\u00b2 gro\u00dfen Spielwiese k\u00f6nnen die Hunde<br \/>\n(Vertr\u00e4glichkeit mit den Artgenossen ist Voraussetzung) auf<br \/>\nErkundungstour gehen und sich dem Sozialspiel mit anderen Hunden<br \/>\nund uns widmen. Dabei werden ausreichend Raum und M\u00f6glichkeit<br \/>\ngeschaffen, dass sie einander ihrer Art entsprechend begegnen und<br \/>\nauch jederzeit ausweichen k\u00f6nnen.<br \/>\nBewegungsspielraum und ein fairer Umgang sind die Grundvoraussetzung<br \/>\nf\u00fcr ein angenehmes Beisammensein. Die Freilaufzeiten werden von uns<br \/>\ndurchgehend beaufsichtigt.<\/p>\n<div id=\"socialshareprivacy_d07369472d9617ae7eab388f9ce94b01\"><\/div>\r\n\t\t\t<script type=\"text\/javascript\">\r\n\t\t\t(function($){\r\n\t\t\t\tvar options = {\"info_link\":\"http:\\\/\\\/www.heise.de\\\/ct\\\/artikel\\\/2-Klicks-fuer-mehr-Datenschutz-1333879.html\",\"txt_help\":\"Wenn Sie diese Felder durch einen Klick aktivieren, werden Informationen an Facebook, Twitter oder Google in die USA \\u00fcbertragen und unter Umst\\u00e4nden auch dort gespeichert. N\\u00e4heres erfahren Sie durch einen Klick auf das <em>i<\\\/em>.\",\"settings_perma\":\"Dauerhaft aktivieren und Daten\\u00fcber\\u00adtragung zustimmen:\",\"cookie_path\":\"\\\/\",\"cookie_expire\":\"365\",\"cookie_domain\":\"\",\"css_path\":\"https:\\\/\\\/hundepension-zum-zamperl.de\\\/wp-content\\\/plugins\\\/wp-socialshareprivacy\\\/socialshareprivacy.css\",\"services\":{\"facebook\":{\"status\":\"on\",\"dummy_img\":\"https:\\\/\\\/hundepension-zum-zamperl.de\\\/wp-content\\\/plugins\\\/wp-socialshareprivacy\\\/images\\\/dummy_facebook.png\",\"txt_info\":\"2 Klicks f\\u00fcr mehr Datenschutz: Erst wenn Sie hier klicken, wird der Button aktiv und Sie k\\u00f6nnen Ihre Empfehlung an Facebook senden. Schon beim Aktivieren werden Daten an Dritte \\u00fcbertragen \\u2013 siehe <em>i<\\\/em>.\",\"txt_fb_off\":\"nicht mit Facebook verbunden\",\"txt_fb_on\":\"mit Facebook verbunden\",\"display_name\":\"Facebook\",\"referrer_track\":\"\",\"language\":\"de_DE\"},\"twitter\":{\"status\":\"on\",\"dummy_img\":\"https:\\\/\\\/hundepension-zum-zamperl.de\\\/wp-content\\\/plugins\\\/wp-socialshareprivacy\\\/images\\\/dummy_twitter.png\",\"txt_info\":\"2 Klicks f\\u00fcr mehr Datenschutz: Erst wenn Sie hier klicken, wird der Button aktiv und Sie k\\u00f6nnen Ihre Empfehlung an Twitter senden. Schon beim Aktivieren werden Daten an Dritte \\u00fcbertragen \\u2013 siehe <em>i<\\\/em>.\",\"txt_twitter_off\":\"nicht mit Twitter verbunden\",\"txt_twitter_on\":\"mit Twitter verbunden\",\"display_name\":\"Twitter\",\"referrer_track\":\"\",\"tweet_text\":\"\"},\"gplus\":{\"status\":\"on\",\"dummy_img\":\"https:\\\/\\\/hundepension-zum-zamperl.de\\\/wp-content\\\/plugins\\\/wp-socialshareprivacy\\\/images\\\/dummy_gplus.png\",\"txt_info\":\"2 Klicks f\\u00fcr mehr Datenschutz: Erst wenn Sie hier klicken, wird der Button aktiv und Sie k\\u00f6nnen Ihre Empfehlung an Google+ senden. Schon beim Aktivieren werden Daten an Dritte \\u00fcbertragen \\u2013 siehe <em>i<\\\/em>.\",\"txt_gplus_off\":\"nicht mit Google+ verbunden\",\"txt_gplus_on\":\"mit Google+ verbunden\",\"display_name\":\"Google+\",\"referrer_track\":\"\",\"language\":\"de\"}}};\r\n\t\t\t\toptions.cookie_domain = document.location.host;\r\n\t\t\t\toptions.uri = 'https:\/\/hundepension-zum-zamperl.de\/?page_id=7'\r\n\t\t\t\t$(document).ready(function(){\r\n\t\t\t\t\t$('#socialshareprivacy_d07369472d9617ae7eab388f9ce94b01').socialSharePrivacy(options);\r\n\t\t\t\t});\r\n\t\t\t})(jQuery);\r\n\t\t\t<\/script>\r\n\t\t<!-- end wp-socialshareprivacy -->","protected":false},"excerpt":{"rendered":"<p>Herzlich Willkommen bei unserer Hundepension &#8222;zum Zamperl&#8220; in Lauingen Gepr\u00fcft nach \u00a7 11 Abs. 1 TierSchG Wir w\u00fcnschen allen frohe, besinnliche und erholsame Weihnachtstage und ein gutes, neues Jahr Urlaub ohne Hund Krank oder Krankenhausaufenthalt Gesch\u00e4ftsreise Bei uns wird Ihr Liebling versorgt und verw\u00f6hnt wie zu Hause. Nat\u00fcrlich darf da das Spielen und die Streicheleinheiten &hellip; <\/p>\n<p class=\"link-more\"><a href=\"https:\/\/hundepension-zum-zamperl.de\/?page_id=7\" class=\"more-link\"><span class=\"screen-reader-text\">&#8222;Startseite&#8220;<\/span> weiterlesen<\/a><\/p>\n","protected":false},"author":1,"featured_media":550,"parent":0,"menu_order":0,"comment_status":"closed","ping_status":"closed","template":"","meta":{"footnotes":""},"_links":{"self":[{"href":"https:\/\/hundepension-zum-zamperl.de\/index.php?rest_route=\/wp\/v2\/pages\/7"}],"collection":[{"href":"https:\/\/hundepension-zum-zamperl.de\/index.php?rest_route=\/wp\/v2\/pages"}],"about":[{"href":"https:\/\/hundepension-zum-zamperl.de\/index.php?rest_route=\/wp\/v2\/types\/page"}],"author":[{"embeddable":true,"href":"https:\/\/hundepension-zum-zamperl.de\/index.php?rest_route=\/wp\/v2\/users\/1"}],"replies":[{"embeddable":true,"href":"https:\/\/hundepension-zum-zamperl.de\/index.php?rest_route=%2Fwp%2Fv2%2Fcomments&post=7"}],"version-history":[{"count":13,"href":"https:\/\/hundepension-zum-zamperl.de\/index.php?rest_route=\/wp\/v2\/pages\/7\/revisions"}],"predecessor-version":[{"id":592,"href":"https:\/\/hundepension-zum-zamperl.de\/index.php?rest_route=\/wp\/v2\/pages\/7\/revisions\/592"}],"wp:featuredmedia":[{"embeddable":true,"href":"https:\/\/hundepension-zum-zamperl.de\/index.php?rest_route=\/wp\/v2\/media\/550"}],"wp:attachment":[{"href":"https:\/\/hundepension-zum-zamperl.de\/index.php?rest_route=%2Fwp%2Fv2%2Fmedia&parent=7"}],"curies":[{"name":"wp","href":"https:\/\/api.w.org\/{rel}","templated":true}]}}